{"id":65,"date":"2024-12-10T01:23:31","date_gmt":"2024-12-10T00:23:31","guid":{"rendered":"https:\/\/shop.biglike.sk\/?post_type=product&#038;p=65"},"modified":"2026-01-01T00:04:54","modified_gmt":"2025-12-31T23:04:54","slug":"x-mass-santa","status":"publish","type":"product","link":"https:\/\/shop.biglike.sk\/index.php\/produkt\/x-mass-santa\/","title":{"rendered":"X-MASS SANTA"},"content":{"rendered":"<p><strong>X-MASS SANTA<\/strong>, je \u0161peci\u00e1lna ed\u00edcia, pre <strong>Viano\u010dn\u00e9 s\u00fa\u0165a\u017ee BigLike.sk.<\/strong> Cena po\u010das akcie, ktor\u00e1 <strong>za\u010d\u00edna 1.11.2025 a kon\u010d\u00ed 31.12.2025 je od 9,99\u20ac, ako u\u017e informujeme v popise, ceny uv\u00e1dzame s najlacnej\u0161ou variantov tri\u010diek BigDefault, ostatn\u00e9 ceny sa l\u00ed\u0161ia pod\u013ea v\u00fdberu.\u00a0<\/strong><\/p>\n<p><em><strong>Mimo sez\u00f3ny sa jeho v\u00fdroba \u00fa\u010dtuje, ako za klasick\u00e9 tri\u010dko, pod\u013ea v\u00fdberu z dan\u00fdch mo\u017enost\u00ed.<\/strong><\/em><\/p>\n","protected":false},"excerpt":{"rendered":"<p><em><strong>Z\u013eAVA &#8211; plat\u00ed po\u010das sez\u00f3ny, ktor\u00e1 je uveden\u00e1 v popise ni\u017e\u0161ie<\/strong><\/em><\/p>\n<p>&nbsp;<\/p>\n","protected":false},"featured_media":191,"comment_status":"open","ping_status":"closed","template":"","meta":[],"product_brand":[],"product_cat":[16],"product_tag":[27,28],"class_list":{"0":"post-65","1":"product","2":"type-product","3":"status-publish","4":"has-post-thumbnail","6":"product_cat-biglike-sutaz","7":"product_tag-biggamecombo2k25","8":"product_tag-x-mass","10":"first","11":"instock","12":"sale","13":"shipping-taxable","14":"purchasable","15":"product-type-variable"},"jetpack_sharing_enabled":true,"_links":{"self":[{"href":"https:\/\/shop.biglike.sk\/index.php\/wp-json\/wp\/v2\/product\/65"}],"collection":[{"href":"https:\/\/shop.biglike.sk\/index.php\/wp-json\/wp\/v2\/product"}],"about":[{"href":"https:\/\/shop.biglike.sk\/index.php\/wp-json\/wp\/v2\/types\/product"}],"replies":[{"embeddable":true,"href":"https:\/\/shop.biglike.sk\/index.php\/wp-json\/wp\/v2\/comments?post=65"}],"wp:featuredmedia":[{"embeddable":true,"href":"https:\/\/shop.biglike.sk\/index.php\/wp-json\/wp\/v2\/media\/191"}],"wp:attachment":[{"href":"https:\/\/shop.biglike.sk\/index.php\/wp-json\/wp\/v2\/media?parent=65"}],"wp:term":[{"taxonomy":"product_brand","embeddable":true,"href":"https:\/\/shop.biglike.sk\/index.php\/wp-json\/wp\/v2\/product_brand?post=65"},{"taxonomy":"product_cat","embeddable":true,"href":"https:\/\/shop.biglike.sk\/index.php\/wp-json\/wp\/v2\/product_cat?post=65"},{"taxonomy":"product_tag","embeddable":true,"href":"https:\/\/shop.biglike.sk\/index.php\/wp-json\/wp\/v2\/product_tag?post=65"}],"curies":[{"name":"wp","href":"https:\/\/api.w.org\/{rel}","templated":true}]}}