{"id":12,"date":"2024-12-09T21:36:57","date_gmt":"2024-12-09T20:36:57","guid":{"rendered":"https:\/\/shop.biglike.sk\/index.php\/kosik\/"},"modified":"2024-12-10T02:08:37","modified_gmt":"2024-12-10T01:08:37","slug":"kosik","status":"publish","type":"page","link":"https:\/\/shop.biglike.sk\/index.php\/kosik\/","title":{"rendered":"Ko\u0161\u00edk"},"content":{"rendered":"<div data-block-name=\"woocommerce\/cart\" class=\"wp-block-woocommerce-cart alignwide is-loading\"><div data-block-name=\"woocommerce\/filled-cart-block\" class=\"wp-block-woocommerce-filled-cart-block\"><div data-block-name=\"woocommerce\/cart-items-block\" class=\"wp-block-woocommerce-cart-items-block\"><div data-block-name=\"woocommerce\/cart-line-items-block\" class=\"wp-block-woocommerce-cart-line-items-block\"><\/div>\n\n<div data-block-name=\"woocommerce\/cart-cross-sells-block\" class=\"wp-block-woocommerce-cart-cross-sells-block\"><h2 class=\"wp-block-heading has-large-font-size\">Mohlo by v\u00e1s zauj\u00edma\u0165&#8230;<\/h2>\n\n<div data-block-name=\"woocommerce\/cart-cross-sells-products-block\" class=\"wp-block-woocommerce-cart-cross-sells-products-block\"><\/div><\/div><\/div>\n\n<div data-block-name=\"woocommerce\/cart-totals-block\" class=\"wp-block-woocommerce-cart-totals-block\"><div data-block-name=\"woocommerce\/cart-order-summary-block\" class=\"wp-block-woocommerce-cart-order-summary-block\"><div data-block-name=\"woocommerce\/cart-order-summary-heading-block\" class=\"wp-block-woocommerce-cart-order-summary-heading-block\"><\/div><div data-block-name=\"woocommerce\/cart-order-summary-coupon-form-block\" class=\"wp-block-woocommerce-cart-order-summary-coupon-form-block\"><\/div><div data-block-name=\"woocommerce\/cart-order-summary-totals-block\" class=\"wp-block-woocommerce-cart-order-summary-totals-block\">\n<div data-block-name=\"woocommerce\/cart-order-summary-subtotal-block\" class=\"wp-block-woocommerce-cart-order-summary-subtotal-block\"><\/div>\n<div data-block-name=\"woocommerce\/cart-order-summary-discount-block\" class=\"wp-block-woocommerce-cart-order-summary-discount-block\"><\/div>\n<div data-block-name=\"woocommerce\/cart-order-summary-fee-block\" class=\"wp-block-woocommerce-cart-order-summary-fee-block\"><\/div>\n<div data-block-name=\"woocommerce\/cart-order-summary-shipping-block\" class=\"wp-block-woocommerce-cart-order-summary-shipping-block\"><\/div>\n<div data-block-name=\"woocommerce\/cart-order-summary-taxes-block\" class=\"wp-block-woocommerce-cart-order-summary-taxes-block\"><\/div><\/div><\/div>\n\n<div data-block-name=\"woocommerce\/cart-express-payment-block\" class=\"wp-block-woocommerce-cart-express-payment-block\"><\/div>\n\n<div data-block-name=\"woocommerce\/proceed-to-checkout-block\" class=\"wp-block-woocommerce-proceed-to-checkout-block\"><\/div>\n\n<div data-block-name=\"woocommerce\/cart-accepted-payment-methods-block\" class=\"wp-block-woocommerce-cart-accepted-payment-methods-block\"><\/div><\/div><\/div>\n\n<div data-block-name=\"woocommerce\/empty-cart-block\" class=\"wp-block-woocommerce-empty-cart-block\"><h2 class=\"wp-block-heading has-text-align-center with-empty-cart-icon wc-block-cart__empty-cart__title\">V\u00e1\u0161 ko\u0161\u00edk je moment\u00e1lne pr\u00e1zdny!<\/h2>\n\n<hr class=\"wp-block-separator has-alpha-channel-opacity is-style-dots\"\/>\n\n<h2 class=\"wp-block-heading has-text-align-center\">Novinky v obchode<\/h2>\n\n<div data-block-name=\"woocommerce\/product-new\" data-columns=\"4\" data-rows=\"1\" class=\"wc-block-grid wp-block-product-new wp-block-woocommerce-product-new wc-block-product-new has-4-columns\"><ul class=\"wc-block-grid__products\"><li class=\"wc-block-grid__product\">\n\t\t\t\t<a href=\"https:\/\/shop.biglike.sk\/index.php\/produkt\/christmas-santa-mini\/\" class=\"wc-block-grid__product-link\">\n\t\t\t\t\t\n\t\t\t\t\t<div class=\"wc-block-grid__product-image\"><img fetchpriority=\"high\" decoding=\"async\" width=\"300\" height=\"300\" src=\"https:\/\/shop.biglike.sk\/wp-content\/uploads\/2025\/12\/Christmas-edition-00000048-mini-santa-300x300.png\" class=\"attachment-woocommerce_thumbnail size-woocommerce_thumbnail\" alt=\"Christmas Santa Mini\" srcset=\"https:\/\/shop.biglike.sk\/wp-content\/uploads\/2025\/12\/Christmas-edition-00000048-mini-santa-300x300.png 300w, https:\/\/shop.biglike.sk\/wp-content\/uploads\/2025\/12\/Christmas-edition-00000048-mini-santa-150x150.png 150w, https:\/\/shop.biglike.sk\/wp-content\/uploads\/2025\/12\/Christmas-edition-00000048-mini-santa-100x100.png 100w\" sizes=\"(max-width: 300px) 100vw, 300px\" \/><\/div>\n\t\t\t\t\t<div class=\"wc-block-grid__product-title\">Christmas Santa Mini<\/div>\n\t\t\t\t<\/a>\n\t\t\t\t<div class=\"wc-block-grid__product-price price\"><span class=\"woocommerce-Price-amount amount\">18,99&nbsp;<span class=\"woocommerce-Price-currencySymbol\">&euro;<\/span><\/span> &ndash; <span class=\"woocommerce-Price-amount amount\">19,99&nbsp;<span class=\"woocommerce-Price-currencySymbol\">&euro;<\/span><\/span><\/div>\n\t\t\t\t\n\t\t\t\t<div class=\"wp-block-button wc-block-grid__product-add-to-cart\"><a href=\"https:\/\/shop.biglike.sk\/index.php\/produkt\/christmas-santa-mini\/\" aria-label=\"V\u00fdber nastaven\u00ed pre &ldquo;Christmas Santa Mini&rdquo;\" data-quantity=\"1\" data-product_id=\"1684\" data-product_sku=\"\" data-price=\"18.99\" rel=\"nofollow\" class=\"wp-block-button__link  add_to_cart_button\">V\u00fdber mo\u017enost\u00ed<\/a><\/div>\n\t\t\t<\/li><li class=\"wc-block-grid__product\">\n\t\t\t\t<a href=\"https:\/\/shop.biglike.sk\/index.php\/produkt\/christmas-santa-sg\/\" class=\"wc-block-grid__product-link\">\n\t\t\t\t\t\n\t\t\t\t\t<div class=\"wc-block-grid__product-image\"><img decoding=\"async\" width=\"300\" height=\"300\" src=\"https:\/\/shop.biglike.sk\/wp-content\/uploads\/2025\/12\/Christmas-edition-00000041-santa-smile-face-300x300.png\" class=\"attachment-woocommerce_thumbnail size-woocommerce_thumbnail\" alt=\"Christmas Santa SG\" srcset=\"https:\/\/shop.biglike.sk\/wp-content\/uploads\/2025\/12\/Christmas-edition-00000041-santa-smile-face-300x300.png 300w, https:\/\/shop.biglike.sk\/wp-content\/uploads\/2025\/12\/Christmas-edition-00000041-santa-smile-face-150x150.png 150w, https:\/\/shop.biglike.sk\/wp-content\/uploads\/2025\/12\/Christmas-edition-00000041-santa-smile-face-100x100.png 100w\" sizes=\"(max-width: 300px) 100vw, 300px\" \/><\/div>\n\t\t\t\t\t<div class=\"wc-block-grid__product-title\">Christmas Santa SG<\/div>\n\t\t\t\t<\/a>\n\t\t\t\t<div class=\"wc-block-grid__product-price price\"><span class=\"woocommerce-Price-amount amount\">18,99&nbsp;<span class=\"woocommerce-Price-currencySymbol\">&euro;<\/span><\/span> &ndash; <span class=\"woocommerce-Price-amount amount\">19,99&nbsp;<span class=\"woocommerce-Price-currencySymbol\">&euro;<\/span><\/span><\/div>\n\t\t\t\t\n\t\t\t\t<div class=\"wp-block-button wc-block-grid__product-add-to-cart\"><a href=\"https:\/\/shop.biglike.sk\/index.php\/produkt\/christmas-santa-sg\/\" aria-label=\"V\u00fdber nastaven\u00ed pre &ldquo;Christmas Santa SG&rdquo;\" data-quantity=\"1\" data-product_id=\"1661\" data-product_sku=\"\" data-price=\"18.99\" rel=\"nofollow\" class=\"wp-block-button__link  add_to_cart_button\">V\u00fdber mo\u017enost\u00ed<\/a><\/div>\n\t\t\t<\/li><li class=\"wc-block-grid__product\">\n\t\t\t\t<a href=\"https:\/\/shop.biglike.sk\/index.php\/produkt\/christmas-santa-s-2\/\" class=\"wc-block-grid__product-link\">\n\t\t\t\t\t<div class=\"wc-block-grid__product-onsale\">\n\t\t\t<span aria-hidden=\"true\">Z\u013eava<\/span>\n\t\t\t<span class=\"screen-reader-text\">Z\u013eavnen\u00fd produkt<\/span>\n\t\t<\/div>\n\t\t\t\t\t<div class=\"wc-block-grid__product-image\"><img decoding=\"async\" width=\"300\" height=\"300\" src=\"https:\/\/shop.biglike.sk\/wp-content\/uploads\/2025\/12\/Christmas-edition-00000040-santa-smile-face-300x300.png\" class=\"attachment-woocommerce_thumbnail size-woocommerce_thumbnail\" alt=\"Christmas Santa S\" srcset=\"https:\/\/shop.biglike.sk\/wp-content\/uploads\/2025\/12\/Christmas-edition-00000040-santa-smile-face-300x300.png 300w, https:\/\/shop.biglike.sk\/wp-content\/uploads\/2025\/12\/Christmas-edition-00000040-santa-smile-face-150x150.png 150w, https:\/\/shop.biglike.sk\/wp-content\/uploads\/2025\/12\/Christmas-edition-00000040-santa-smile-face-100x100.png 100w\" sizes=\"(max-width: 300px) 100vw, 300px\" \/><\/div>\n\t\t\t\t\t<div class=\"wc-block-grid__product-title\">Christmas Santa S<\/div>\n\t\t\t\t<\/a>\n\t\t\t\t<div class=\"wc-block-grid__product-price price\"><span class=\"woocommerce-Price-amount amount\">14,99&nbsp;<span class=\"woocommerce-Price-currencySymbol\">&euro;<\/span><\/span> &ndash; <span class=\"woocommerce-Price-amount amount\">19,99&nbsp;<span class=\"woocommerce-Price-currencySymbol\">&euro;<\/span><\/span><\/div>\n\t\t\t\t\n\t\t\t\t<div class=\"wp-block-button wc-block-grid__product-add-to-cart\"><a href=\"https:\/\/shop.biglike.sk\/index.php\/produkt\/christmas-santa-s-2\/\" aria-label=\"V\u00fdber nastaven\u00ed pre &ldquo;Christmas Santa S&rdquo;\" data-quantity=\"1\" data-product_id=\"1638\" data-product_sku=\"\" data-price=\"14.99\" rel=\"nofollow\" class=\"wp-block-button__link  add_to_cart_button\">V\u00fdber mo\u017enost\u00ed<\/a><\/div>\n\t\t\t<\/li><li class=\"wc-block-grid__product\">\n\t\t\t\t<a href=\"https:\/\/shop.biglike.sk\/index.php\/produkt\/christmas-santa-like-3\/\" class=\"wc-block-grid__product-link\">\n\t\t\t\t\t\n\t\t\t\t\t<div class=\"wc-block-grid__product-image\"><img loading=\"lazy\" decoding=\"async\" width=\"300\" height=\"300\" src=\"https:\/\/shop.biglike.sk\/wp-content\/uploads\/2025\/12\/Christmas-edition-00000038-santa-smile-like-300x300.png\" class=\"attachment-woocommerce_thumbnail size-woocommerce_thumbnail\" alt=\"Christmas Santa Like 3\" srcset=\"https:\/\/shop.biglike.sk\/wp-content\/uploads\/2025\/12\/Christmas-edition-00000038-santa-smile-like-300x300.png 300w, https:\/\/shop.biglike.sk\/wp-content\/uploads\/2025\/12\/Christmas-edition-00000038-santa-smile-like-150x150.png 150w, https:\/\/shop.biglike.sk\/wp-content\/uploads\/2025\/12\/Christmas-edition-00000038-santa-smile-like-100x100.png 100w\" sizes=\"(max-width: 300px) 100vw, 300px\" \/><\/div>\n\t\t\t\t\t<div class=\"wc-block-grid__product-title\">Christmas Santa Like 3<\/div>\n\t\t\t\t<\/a>\n\t\t\t\t<div class=\"wc-block-grid__product-price price\"><span class=\"woocommerce-Price-amount amount\">18,99&nbsp;<span class=\"woocommerce-Price-currencySymbol\">&euro;<\/span><\/span> &ndash; <span class=\"woocommerce-Price-amount amount\">19,99&nbsp;<span class=\"woocommerce-Price-currencySymbol\">&euro;<\/span><\/span><\/div>\n\t\t\t\t\n\t\t\t\t<div class=\"wp-block-button wc-block-grid__product-add-to-cart\"><a href=\"https:\/\/shop.biglike.sk\/index.php\/produkt\/christmas-santa-like-3\/\" aria-label=\"V\u00fdber nastaven\u00ed pre &ldquo;Christmas Santa Like 3&rdquo;\" data-quantity=\"1\" data-product_id=\"1615\" data-product_sku=\"\" data-price=\"18.99\" rel=\"nofollow\" class=\"wp-block-button__link  add_to_cart_button\">V\u00fdber mo\u017enost\u00ed<\/a><\/div>\n\t\t\t<\/li><\/ul><\/div><\/div><\/div>","protected":false},"excerpt":{"rendered":"","protected":false},"author":1,"featured_media":0,"parent":0,"menu_order":0,"comment_status":"closed","ping_status":"closed","template":"","meta":{"footnotes":""},"class_list":["post-12","page","type-page","status-publish","hentry"],"jetpack_sharing_enabled":true,"_links":{"self":[{"href":"https:\/\/shop.biglike.sk\/index.php\/wp-json\/wp\/v2\/pages\/12"}],"collection":[{"href":"https:\/\/shop.biglike.sk\/index.php\/wp-json\/wp\/v2\/pages"}],"about":[{"href":"https:\/\/shop.biglike.sk\/index.php\/wp-json\/wp\/v2\/types\/page"}],"author":[{"embeddable":true,"href":"https:\/\/shop.biglike.sk\/index.php\/wp-json\/wp\/v2\/users\/1"}],"replies":[{"embeddable":true,"href":"https:\/\/shop.biglike.sk\/index.php\/wp-json\/wp\/v2\/comments?post=12"}],"version-history":[{"count":1,"href":"https:\/\/shop.biglike.sk\/index.php\/wp-json\/wp\/v2\/pages\/12\/revisions"}],"predecessor-version":[{"id":64,"href":"https:\/\/shop.biglike.sk\/index.php\/wp-json\/wp\/v2\/pages\/12\/revisions\/64"}],"wp:attachment":[{"href":"https:\/\/shop.biglike.sk\/index.php\/wp-json\/wp\/v2\/media?parent=12"}],"curies":[{"name":"wp","href":"https:\/\/api.w.org\/{rel}","templated":true}]}}